{"id":42,"date":"2016-05-04T22:03:23","date_gmt":"2016-05-04T22:03:23","guid":{"rendered":"https:\/\/benemeritatrail.wordpress.com\/?page_id=42"},"modified":"2021-06-19T08:21:28","modified_gmt":"2021-06-19T08:21:28","slug":"rsc","status":"publish","type":"page","link":"https:\/\/benemeritatrail.es\/novedades\/carrera\/rsc\/","title":{"rendered":"Eco-Responsabilidad"},"content":{"rendered":"<h2 style=\"text-align: justify;\">Nuestro prop\u00f3sito.<\/h2>\n<p style=\"text-align: justify;\">Sabemos que una prueba de esta magnitud podr\u00eda reunir en un solo d\u00eda a una gran cantidad de personas, organizaci\u00f3n, p\u00fablico, corredores, etc&#8230;, en la situaci\u00f3n por la que estamos atravesando nos obliga a tener un poco de cordura y responsabilidad, en un escenario de recuperaci\u00f3n y dirigido a la normalidad queremos retomar la esencia de las carreras por monta\u00f1a, volver en la medida de lo posible a disfrutar completamente de un ambiente distendido y tan a\u00f1orado este \u00faltimo a\u00f1o,\u00a0 pero que a la vez siga transmitiendo seguridad aplicando las medidas sanitarias al efecto que haya en la fecha de carrera.<\/p>\n<p style=\"text-align: justify;\">Pero debemos tener claro desde el principio que este evento no debe de ser un impacto negativo para el entorno que nos rodea, por tanto debemos de conseguir formar parte del propio entorno de la manera m\u00e1s natural y sostenible posible. Este a\u00f1o se cumple a\u00fan m\u00e1s este pretexto, vamos a competir en y con la naturaleza, un reto de superaci\u00f3n personal por terminar esta haza\u00f1a para algunos y un recorrido con car\u00e1cter competitivo para otros, en definitiva, una aventura a todos los niveles.<\/p>\n<p style=\"text-align: justify;\">La organizaci\u00f3n se compromete a cumplir con rigor toda la normativa del Parque Natural Sierra de Hu\u00e9tor, \u00a0adem\u00e1s se aplicar\u00e1n las medidas correspondientes para ayudar a conservar el entorno, antes de la prueba con la limpieza y adecuaci\u00f3n del recorrido y a la finalizaci\u00f3n de la misma lo dejemos todo igual o mejor que como lo encontramos.<\/p>\n<h2 style=\"text-align: justify;\">Trail y Naturaleza<\/h2>\n<p style=\"text-align: justify;\">El cuidado de la naturaleza es uno de los valores fundamentales que debe de tener en cuenta el corredor, para ello es necesario llevar a cabo una serie de comportamientos que nos conviertan en corredores sostenibles.<\/p>\n<p style=\"text-align: justify;\">Es cierto que todo corredor debe de tener como una de sus principales prioridades la conservaci\u00f3n de la naturaleza, no ya por que es el entorno donde se mueve, disfruta, comparte emociones&#8230;, si no por que es aquello que con su colaboraci\u00f3n desea preservar para un futuro, por todo ello es primordial que cuando decidas deshacerte de tu envoltorio de gel, por ejemplo, ejerzas un comportamiento envidiable y no lo arrojes a la primera de cambio. Este es uno de los muchos simples gestos que nos permitir\u00e1n seguir disfrutando de este entorno tan delicado en el que nos movemos y en el que podemos disfrutar de nuestro deporte favorito.<\/p>\n<h3 style=\"text-align: justify;\">\u00bfQu\u00e9 otros comportamientos nos convertir\u00e1n en corredores m\u00e1s sostenibles con el medio ambiente?<\/h3>\n<h4 style=\"text-align: justify;\">Participa en carreras solidarias.<\/h4>\n<p style=\"text-align: justify;\">Contribuir con una buena causa siempre es un buen ejemplo, cada vez son m\u00e1s los eventos que colaboran con donaciones a ONG&#8217;s, asociaciones de grupos desfavorecidos o en riesgo de exclusi\u00f3n social, etc&#8230;, te sentir\u00e1s mejor si los ingresos de un evento son destinados a fines ben\u00e9ficos. \u00abColabora\u00bb. Una a\u00f1o m\u00e1s volvemos a donar los beneficios de la carrera a la C\u00e1tedra de Investigaci\u00f3n de C\u00e9lulas Madre Cancer\u00edgenas de la Universidad de Granada.<\/p>\n<h4 style=\"text-align: justify;\">No dejes huella.<\/h4>\n<p style=\"text-align: justify;\">Intenta pasar lo m\u00e1s desapercibido posible en tu carrera, intenta no dejar huella como papeles, envoltorios, botellas&#8230; recuerda que la monta\u00f1a estaba aqu\u00ed antes de que tu llegaras y no necesita nada de lo que tu traes, procura llevarte todo lo que traes contigo. NO salgas del recorrido establecido, evitar\u00e1s erosionar terreno protegido.<\/p>\n<p style=\"text-align: justify;\">\n<div id=\"attachment_153\" style=\"width: 970px\" class=\"wp-caption aligncenter\"><img  title=\"\" aria-describedby=\"caption-attachment-153\" decoding=\"async\" loading=\"lazy\" class=\"alignnone size-full wp-image-153\" src=\"http:\/\/benemeritatrail.es\/wp-content\/uploads\/2016\/05\/cabras.jpg\"  alt=\"cabras Eco-Responsabilidad\"  width=\"960\" height=\"746\" srcset=\"https:\/\/benemeritatrail.es\/wp-content\/uploads\/2016\/05\/cabras.jpg 960w, https:\/\/benemeritatrail.es\/wp-content\/uploads\/2016\/05\/cabras-300x233.jpg 300w, https:\/\/benemeritatrail.es\/wp-content\/uploads\/2016\/05\/cabras-768x597.jpg 768w\" sizes=\"(max-width: 960px) 100vw, 960px\" \/><p id=\"caption-attachment-153\" class=\"wp-caption-text\">Respeta el medioambiente.<\/p><\/div>\n","protected":false},"excerpt":{"rendered":"<p>Nuestro prop\u00f3sito. Sabemos que una prueba de esta magnitud podr\u00eda reunir en un solo d\u00eda a una gran cantidad de personas, organizaci\u00f3n, p\u00fablico, corredores, etc&#8230;, en la situaci\u00f3n por la que estamos atravesando nos obliga a tener un poco de cordura y responsabilidad, en un escenario de recuperaci\u00f3n y dirigido a la normalidad queremos retomar<\/p><\/div>\n<div class=\"blog-btn\"><a href=\"https:\/\/benemeritatrail.es\/novedades\/carrera\/rsc\/\" class=\"home-blog-btn\">Leer m\u00e1s<\/a><\/p>\n","protected":false},"author":2,"featured_media":0,"parent":133,"menu_order":0,"comment_status":"closed","ping_status":"closed","template":"","meta":{"_eb_attr":"","sfsi_plus_gutenberg_text_before_share":"","sfsi_plus_gutenberg_show_text_before_share":"","sfsi_plus_gutenberg_icon_type":"","sfsi_plus_gutenberg_icon_alignemt":"","sfsi_plus_gutenburg_max_per_row":""},"_links":{"self":[{"href":"https:\/\/benemeritatrail.es\/novedades\/wp-json\/wp\/v2\/pages\/42"}],"collection":[{"href":"https:\/\/benemeritatrail.es\/novedades\/wp-json\/wp\/v2\/pages"}],"about":[{"href":"https:\/\/benemeritatrail.es\/novedades\/wp-json\/wp\/v2\/types\/page"}],"author":[{"embeddable":true,"href":"https:\/\/benemeritatrail.es\/novedades\/wp-json\/wp\/v2\/users\/2"}],"replies":[{"embeddable":true,"href":"https:\/\/benemeritatrail.es\/novedades\/wp-json\/wp\/v2\/comments?post=42"}],"version-history":[{"count":6,"href":"https:\/\/benemeritatrail.es\/novedades\/wp-json\/wp\/v2\/pages\/42\/revisions"}],"predecessor-version":[{"id":2983,"href":"https:\/\/benemeritatrail.es\/novedades\/wp-json\/wp\/v2\/pages\/42\/revisions\/2983"}],"up":[{"embeddable":true,"href":"https:\/\/benemeritatrail.es\/novedades\/wp-json\/wp\/v2\/pages\/133"}],"wp:attachment":[{"href":"https:\/\/benemeritatrail.es\/novedades\/wp-json\/wp\/v2\/media?parent=42"}],"curies":[{"name":"wp","href":"https:\/\/api.w.org\/{rel}","templated":true}]}}