{"id":3501,"date":"2022-06-13T18:41:04","date_gmt":"2022-06-13T18:41:04","guid":{"rendered":"https:\/\/benemeritatrail.es\/novedades\/?page_id=3501"},"modified":"2025-05-23T09:39:56","modified_gmt":"2025-05-23T09:39:56","slug":"benemerita-trail-tienda-solidaria","status":"publish","type":"page","link":"https:\/\/benemeritatrail.es\/novedades\/benemerita-trail-tienda-solidaria\/","title":{"rendered":"Benem\u00e9rita Trail-Tienda Solidaria"},"content":{"rendered":"\n<h2>Prendas dise\u00f1adas exclusivamente para la X\u00aa Edici\u00f3n 2025<\/h2>\n\n\n\n<p>El dise\u00f1o exclusivo de Benenem\u00e9rita Trail, nos llega esta edici\u00f3n cargado de color, fuerza y potencia.<\/p>\n\n\n\n<p>El eterno verde benem\u00e9rito y un dise\u00f1o muy din\u00e1mico son las caracter\u00edsticas principales de las equipaciones de esta edici\u00f3n, prendas que podremos lucir en las mejores galas deportivas y recordarnos nuestro evento favorito. <\/p>\n\n\n\n<p>Versatilidad, funcionalidad y comodidad juntas para conseguir cumplir las expectativas del deportista m\u00e1s exigente.<\/p>\n\n\n\n<p>Elige tu prenda y participa con ello en un fin solidario, porque la recaudaci\u00f3n de la venta de las mismas ir\u00e1 destinada para la lucha contra el c\u00e1ncer. Elige tu prenda solidaria.<\/p>\n\n\n\n<div class=\"is-content-justification-center is-layout-flex wp-container-1 wp-block-buttons\">\n<div class=\"wp-block-button is-style-fill\"><a class=\"wp-block-button__link wp-element-button\" href=\"https:\/\/www.alssport.es\/141_benemerita-trail\" target=\"_blank\" rel=\"noreferrer noopener\">Ir a la tienda ALS SPORT<\/a><\/div>\n<\/div>\n\n\n\n<figure class=\"wp-block-image size-large\"><img  title=\"\" decoding=\"async\" loading=\"lazy\" width=\"1024\" height=\"518\" src=\"https:\/\/benemeritatrail.es\/wp-content\/uploads\/2025\/05\/Chaqueta-X-edicion-1024x518.jpg\"  alt=\"Chaqueta-X-edicion-1024x518 Benem\u00e9rita Trail-Tienda Solidaria\"  class=\"wp-image-4229\" srcset=\"https:\/\/benemeritatrail.es\/wp-content\/uploads\/2025\/05\/Chaqueta-X-edicion-1024x518.jpg 1024w, https:\/\/benemeritatrail.es\/wp-content\/uploads\/2025\/05\/Chaqueta-X-edicion-300x152.jpg 300w, https:\/\/benemeritatrail.es\/wp-content\/uploads\/2025\/05\/Chaqueta-X-edicion-768x388.jpg 768w, https:\/\/benemeritatrail.es\/wp-content\/uploads\/2025\/05\/Chaqueta-X-edicion-1536x777.jpg 1536w, https:\/\/benemeritatrail.es\/wp-content\/uploads\/2025\/05\/Chaqueta-X-edicion.jpg 1600w\" sizes=\"(max-width: 1024px) 100vw, 1024px\" \/><figcaption class=\"wp-element-caption\">Prenda finisher 42 y 25 Km.<\/figcaption><\/figure>\n","protected":false},"excerpt":{"rendered":"<p>Prendas dise\u00f1adas exclusivamente para la X\u00aa Edici\u00f3n 2025 El dise\u00f1o exclusivo de Benenem\u00e9rita Trail, nos llega esta edici\u00f3n cargado de color, fuerza y potencia. El eterno verde benem\u00e9rito y un dise\u00f1o muy din\u00e1mico son las caracter\u00edsticas principales de las equipaciones de esta edici\u00f3n, prendas que podremos lucir en las mejores galas deportivas y recordarnos nuestro<\/p><\/div>\n<div class=\"blog-btn\"><a href=\"https:\/\/benemeritatrail.es\/novedades\/benemerita-trail-tienda-solidaria\/\" class=\"home-blog-btn\">Leer m\u00e1s<\/a><\/p>\n","protected":false},"author":1,"featured_media":0,"parent":0,"menu_order":0,"comment_status":"closed","ping_status":"closed","template":"","meta":{"_eb_attr":"","sfsi_plus_gutenberg_text_before_share":"","sfsi_plus_gutenberg_show_text_before_share":"","sfsi_plus_gutenberg_icon_type":"","sfsi_plus_gutenberg_icon_alignemt":"","sfsi_plus_gutenburg_max_per_row":""},"_links":{"self":[{"href":"https:\/\/benemeritatrail.es\/novedades\/wp-json\/wp\/v2\/pages\/3501"}],"collection":[{"href":"https:\/\/benemeritatrail.es\/novedades\/wp-json\/wp\/v2\/pages"}],"about":[{"href":"https:\/\/benemeritatrail.es\/novedades\/wp-json\/wp\/v2\/types\/page"}],"author":[{"embeddable":true,"href":"https:\/\/benemeritatrail.es\/novedades\/wp-json\/wp\/v2\/users\/1"}],"replies":[{"embeddable":true,"href":"https:\/\/benemeritatrail.es\/novedades\/wp-json\/wp\/v2\/comments?post=3501"}],"version-history":[{"count":24,"href":"https:\/\/benemeritatrail.es\/novedades\/wp-json\/wp\/v2\/pages\/3501\/revisions"}],"predecessor-version":[{"id":4298,"href":"https:\/\/benemeritatrail.es\/novedades\/wp-json\/wp\/v2\/pages\/3501\/revisions\/4298"}],"wp:attachment":[{"href":"https:\/\/benemeritatrail.es\/novedades\/wp-json\/wp\/v2\/media?parent=3501"}],"curies":[{"name":"wp","href":"https:\/\/api.w.org\/{rel}","templated":true}]}}