{"id":235,"date":"2016-05-17T15:36:07","date_gmt":"2016-05-17T15:36:07","guid":{"rendered":"https:\/\/benemeritatrail.wordpress.com\/?page_id=235"},"modified":"2024-05-24T17:09:23","modified_gmt":"2024-05-24T17:09:23","slug":"servicio-en-salidameta","status":"publish","type":"page","link":"https:\/\/benemeritatrail.es\/novedades\/carrera\/servicio-en-salidameta\/","title":{"rendered":"Servicio en Salida\/Meta"},"content":{"rendered":"\n<p>Podr\u00e1s hacer uso de estos servicios y actividades en la zona de salida\/meta, antes durante y despu\u00e9s de la carrera, para que tu experiencia sea lo m\u00e1s agradable posible.<\/p>\n\n\n\n<h4>Zona Kiosco Alfaguara:<\/h4>\n\n\n\n<ul>\n<li>Refrigerio<\/li>\n\n\n\n<li>Aseos<\/li>\n\n\n\n<li>Restauraci\u00f3n<\/li>\n\n\n\n<li>Tiendas solidarias<\/li>\n\n\n\n<li>Servicios exclusivos a corredores.\n<ul>\n<li>Desayuno<\/li>\n\n\n\n<li>Duchas<\/li>\n\n\n\n<li>Ba\u00f1os<\/li>\n\n\n\n<li>Ropero<\/li>\n\n\n\n<li>Masaje post carrera<\/li>\n<\/ul>\n<\/li>\n<\/ul>\n\n\n\n<p>Esperamos que la estancia tanto de corredores como acompa\u00f1antes y p\u00fablico sea lo m\u00e1s amena posible.<\/p>\n\n\n\n<figure class=\"wp-block-image\"><img  title=\"\"  alt=\" Servicio en Salida\/Meta\" \/><\/figure>\n","protected":false},"excerpt":{"rendered":"<p>Podr\u00e1s hacer uso de estos servicios y actividades en la zona de salida\/meta, antes durante y despu\u00e9s de la carrera, para que tu experiencia sea lo m\u00e1s agradable posible. Zona Kiosco Alfaguara: Esperamos que la estancia tanto de corredores como acompa\u00f1antes y p\u00fablico sea lo m\u00e1s amena posible.<\/p>\n","protected":false},"author":2,"featured_media":0,"parent":133,"menu_order":1,"comment_status":"closed","ping_status":"closed","template":"","meta":{"_eb_attr":"","sfsi_plus_gutenberg_text_before_share":"","sfsi_plus_gutenberg_show_text_before_share":"","sfsi_plus_gutenberg_icon_type":"","sfsi_plus_gutenberg_icon_alignemt":"","sfsi_plus_gutenburg_max_per_row":""},"_links":{"self":[{"href":"https:\/\/benemeritatrail.es\/novedades\/wp-json\/wp\/v2\/pages\/235"}],"collection":[{"href":"https:\/\/benemeritatrail.es\/novedades\/wp-json\/wp\/v2\/pages"}],"about":[{"href":"https:\/\/benemeritatrail.es\/novedades\/wp-json\/wp\/v2\/types\/page"}],"author":[{"embeddable":true,"href":"https:\/\/benemeritatrail.es\/novedades\/wp-json\/wp\/v2\/users\/2"}],"replies":[{"embeddable":true,"href":"https:\/\/benemeritatrail.es\/novedades\/wp-json\/wp\/v2\/comments?post=235"}],"version-history":[{"count":12,"href":"https:\/\/benemeritatrail.es\/novedades\/wp-json\/wp\/v2\/pages\/235\/revisions"}],"predecessor-version":[{"id":3969,"href":"https:\/\/benemeritatrail.es\/novedades\/wp-json\/wp\/v2\/pages\/235\/revisions\/3969"}],"up":[{"embeddable":true,"href":"https:\/\/benemeritatrail.es\/novedades\/wp-json\/wp\/v2\/pages\/133"}],"wp:attachment":[{"href":"https:\/\/benemeritatrail.es\/novedades\/wp-json\/wp\/v2\/media?parent=235"}],"curies":[{"name":"wp","href":"https:\/\/api.w.org\/{rel}","templated":true}]}}