{"id":225,"date":"2016-05-17T15:27:47","date_gmt":"2016-05-17T15:27:47","guid":{"rendered":"https:\/\/benemeritatrail.wordpress.com\/?page_id=225"},"modified":"2020-08-01T11:05:08","modified_gmt":"2020-08-01T11:05:08","slug":"aparcamiento","status":"publish","type":"page","link":"https:\/\/benemeritatrail.es\/novedades\/carrera\/aparcamiento\/","title":{"rendered":"Aparcamiento"},"content":{"rendered":"<p style=\"text-align: justify;\">Aqu\u00ed te mostramos los diferentes lugares pr\u00f3ximos a la zona de carrera que est\u00e1n acondicionados como aparcamientos, todo para que puedas llegar con la m\u00e1xima comodidad y garant\u00eda, evitando concentraciones y preocupaciones.<\/p>\n<p style=\"text-align: justify;\">Las zonas habilitadas para el estacionamiento de los veh\u00edculos particulares pueden ser consultadas en el siguiente mapa.<\/p>\n<p>Se ruega no circular por zonas prohibidas, fuera de pista o zonas de especial protecci\u00f3n.<\/p>\n<h5><span style=\"color: #ff0000;\">RECORDAMOS QUE QUEDA TOTALMENTE PROHIBIDO EL ESTACIONAMIENTO FUERA DE LAS \u00c1REAS AQU\u00cd DELIMITADAS.<\/span><\/h5>\n<p><iframe loading=\"lazy\" src=\"https:\/\/www.google.com\/maps\/d\/u\/0\/embed?mid=1V0nidasdYZc1rW5xgU4zwoLqHgw\" width=\"640\" height=\"480\"><\/iframe><\/p>\n<h3><span style=\"color: #ff6600;\">TU COLABORACI\u00d3N ES UN BIEN PARA TODOS.<\/span><\/h3>\n","protected":false},"excerpt":{"rendered":"<p>Aqu\u00ed te mostramos los diferentes lugares pr\u00f3ximos a la zona de carrera que est\u00e1n acondicionados como aparcamientos, todo para que puedas llegar con la m\u00e1xima comodidad y garant\u00eda, evitando concentraciones y preocupaciones. Las zonas habilitadas para el estacionamiento de los veh\u00edculos particulares pueden ser consultadas en el siguiente mapa. Se ruega no circular por zonas<\/p><\/div>\n<div class=\"blog-btn\"><a href=\"https:\/\/benemeritatrail.es\/novedades\/carrera\/aparcamiento\/\" class=\"home-blog-btn\">Leer m\u00e1s<\/a><\/p>\n","protected":false},"author":2,"featured_media":0,"parent":133,"menu_order":1,"comment_status":"closed","ping_status":"closed","template":"","meta":{"_eb_attr":"","sfsi_plus_gutenberg_text_before_share":"","sfsi_plus_gutenberg_show_text_before_share":"","sfsi_plus_gutenberg_icon_type":"","sfsi_plus_gutenberg_icon_alignemt":"","sfsi_plus_gutenburg_max_per_row":""},"_links":{"self":[{"href":"https:\/\/benemeritatrail.es\/novedades\/wp-json\/wp\/v2\/pages\/225"}],"collection":[{"href":"https:\/\/benemeritatrail.es\/novedades\/wp-json\/wp\/v2\/pages"}],"about":[{"href":"https:\/\/benemeritatrail.es\/novedades\/wp-json\/wp\/v2\/types\/page"}],"author":[{"embeddable":true,"href":"https:\/\/benemeritatrail.es\/novedades\/wp-json\/wp\/v2\/users\/2"}],"replies":[{"embeddable":true,"href":"https:\/\/benemeritatrail.es\/novedades\/wp-json\/wp\/v2\/comments?post=225"}],"version-history":[{"count":4,"href":"https:\/\/benemeritatrail.es\/novedades\/wp-json\/wp\/v2\/pages\/225\/revisions"}],"predecessor-version":[{"id":2844,"href":"https:\/\/benemeritatrail.es\/novedades\/wp-json\/wp\/v2\/pages\/225\/revisions\/2844"}],"up":[{"embeddable":true,"href":"https:\/\/benemeritatrail.es\/novedades\/wp-json\/wp\/v2\/pages\/133"}],"wp:attachment":[{"href":"https:\/\/benemeritatrail.es\/novedades\/wp-json\/wp\/v2\/media?parent=225"}],"curies":[{"name":"wp","href":"https:\/\/api.w.org\/{rel}","templated":true}]}}