{"id":22,"date":"2016-05-04T21:09:14","date_gmt":"2016-05-04T21:09:14","guid":{"rendered":"https:\/\/benemeritatrail.wordpress.com\/?page_id=22"},"modified":"2021-08-17T15:07:19","modified_gmt":"2021-08-17T15:07:19","slug":"proyecto","status":"publish","type":"page","link":"https:\/\/benemeritatrail.es\/novedades\/proyecto\/","title":{"rendered":"Proyecto"},"content":{"rendered":"<p style=\"text-align: justify;\">El proyecto del <a href=\"https:\/\/benemeritatrail.es\/novedades\/\">Benem\u00e9rita Trail &#8211; Sierra de la Alfaguara<\/a>, nace con la intenci\u00f3n de poner en pr\u00e1ctica la idea de dotar a la provincia de Granada de una carrera de monta\u00f1a de media distancia con un nivel de exigencia medio-alto, todo ello con motivo de la festividad de la Patrona de la Guardia Civil que se celebra anualmente en Octubre y adem\u00e1s con un claro objetivo solidario.<\/p>\n<p style=\"text-align: justify;\">Para llevar a cabo nuestro proyecto contamos con un gran equipo humano y t\u00e9cnico, que pone todo su entusiasmo en crear una carrera que pueda posicionarse en un puesto importante del panorama nacional de carreras de monta\u00f1a.<\/p>\n<p style=\"text-align: justify;\">Hemos querido que esta gran cita cuente con la mayor participaci\u00f3n posible y por lo que hemos pensado tanto en los corredores como en su familia y acompa\u00f1antes, queriendo que todos puedan participar en la misma, para lo cual, se han confeccionado diferentes pruebas para todos los niveles, siempre recordando que este a\u00f1o se recomienda realizar la prueba solo en grupos reducidos y siempre manteniendo la distancia y medidas de seguridad, para as\u00ed evitar cualquier tipo de contagio<\/p>\n<p style=\"text-align: justify;\">El paraje en el que se realizan nuestras pruebas, es un <a href=\"https:\/\/benemeritatrail.es\/novedades\/parque-natural-sierra-de-huetor\/\">Parque Natural<\/a>, a escasos 15 kil\u00f3metros de la capital granadina, formado por un conjunto de sierras de media altura con un relieve complejo que presenta a la vez una gran facilidad de acceso con numerosas pistas forestales.<\/p>\n<div id=\"attachment_5\" style=\"width: 535px\" class=\"wp-caption aligncenter\"><img  title=\"\" aria-describedby=\"caption-attachment-5\" decoding=\"async\" loading=\"lazy\" class=\"  wp-image-5 aligncenter\" src=\"http:\/\/benemeritatrail.es\/wp-content\/uploads\/2016\/04\/12548893_1702332353376796_2959877041564956772_n.jpg\"  alt=\"12548893_1702332353376796_2959877041564956772_n Proyecto\"  width=\"525\" height=\"294\" srcset=\"https:\/\/benemeritatrail.es\/wp-content\/uploads\/2016\/04\/12548893_1702332353376796_2959877041564956772_n.jpg 960w, https:\/\/benemeritatrail.es\/wp-content\/uploads\/2016\/04\/12548893_1702332353376796_2959877041564956772_n-300x168.jpg 300w, https:\/\/benemeritatrail.es\/wp-content\/uploads\/2016\/04\/12548893_1702332353376796_2959877041564956772_n-768x430.jpg 768w\" sizes=\"(max-width: 525px) 100vw, 525px\" \/><p id=\"caption-attachment-5\" class=\"wp-caption-text\">Sierra de la Alfaguara<\/p><\/div>\n","protected":false},"excerpt":{"rendered":"<p>El proyecto del Benem\u00e9rita Trail &#8211; Sierra de la Alfaguara, nace con la intenci\u00f3n de poner en pr\u00e1ctica la idea de dotar a la provincia de Granada de una carrera de monta\u00f1a de media distancia con un nivel de exigencia medio-alto, todo ello con motivo de la festividad de la Patrona de la Guardia Civil<\/p><\/div>\n<div class=\"blog-btn\"><a href=\"https:\/\/benemeritatrail.es\/novedades\/proyecto\/\" class=\"home-blog-btn\">Leer m\u00e1s<\/a><\/p>\n","protected":false},"author":2,"featured_media":0,"parent":0,"menu_order":0,"comment_status":"closed","ping_status":"closed","template":"","meta":{"_eb_attr":"","sfsi_plus_gutenberg_text_before_share":"","sfsi_plus_gutenberg_show_text_before_share":"","sfsi_plus_gutenberg_icon_type":"","sfsi_plus_gutenberg_icon_alignemt":"","sfsi_plus_gutenburg_max_per_row":""},"_links":{"self":[{"href":"https:\/\/benemeritatrail.es\/novedades\/wp-json\/wp\/v2\/pages\/22"}],"collection":[{"href":"https:\/\/benemeritatrail.es\/novedades\/wp-json\/wp\/v2\/pages"}],"about":[{"href":"https:\/\/benemeritatrail.es\/novedades\/wp-json\/wp\/v2\/types\/page"}],"author":[{"embeddable":true,"href":"https:\/\/benemeritatrail.es\/novedades\/wp-json\/wp\/v2\/users\/2"}],"replies":[{"embeddable":true,"href":"https:\/\/benemeritatrail.es\/novedades\/wp-json\/wp\/v2\/comments?post=22"}],"version-history":[{"count":6,"href":"https:\/\/benemeritatrail.es\/novedades\/wp-json\/wp\/v2\/pages\/22\/revisions"}],"predecessor-version":[{"id":3812,"href":"https:\/\/benemeritatrail.es\/novedades\/wp-json\/wp\/v2\/pages\/22\/revisions\/3812"}],"wp:attachment":[{"href":"https:\/\/benemeritatrail.es\/novedades\/wp-json\/wp\/v2\/media?parent=22"}],"curies":[{"name":"wp","href":"https:\/\/api.w.org\/{rel}","templated":true}]}}