{"id":1636,"date":"2016-04-22T12:53:14","date_gmt":"2016-04-22T12:53:14","guid":{"rendered":"http:\/\/benemeritatrail.wordpress.com\/?page_id=1"},"modified":"2025-10-20T11:58:32","modified_gmt":"2025-10-20T11:58:32","slug":"principal","status":"publish","type":"page","link":"https:\/\/benemeritatrail.es\/novedades\/","title":{"rendered":"BENEMERITA TRAIL 2025"},"content":{"rendered":"\n<hr class=\"wp-block-separator has-css-opacity\"\/>\n\n\n\n<h3 class=\"has-text-align-center\"><mark style=\"background-color:rgba(0, 0, 0, 0);color:#0a714c\" class=\"has-inline-color\">Sierra de la Alfaguara, Alfacar &#8211; Granada.<\/mark><\/h3>\n\n\n\n<figure class=\"wp-block-embed is-type-video is-provider-youtube wp-block-embed-youtube wp-embed-aspect-16-9 wp-has-aspect-ratio\"><div class=\"wp-block-embed__wrapper\">\n<iframe loading=\"lazy\" title=\"BENEMERITA TRAIL 2025 Resumen de Carrera\" width=\"696\" height=\"392\" src=\"https:\/\/www.youtube.com\/embed\/-3lYyzeyeMU?feature=oembed\" frameborder=\"0\" allow=\"accelerometer; autoplay; clipboard-write; encrypted-media; gyroscope; picture-in-picture; web-share\" referrerpolicy=\"strict-origin-when-cross-origin\" allowfullscreen><\/iframe>\n<\/div><figcaption class=\"wp-element-caption\">V\u00eddeo resumen edici\u00f3n BT25<\/figcaption><\/figure>\n\n\n\n<p class=\"has-drop-cap has-text-align-left has-very-dark-gray-color has-text-color\">Benem\u00e9rita Trail &#8211; Sierra de la Alfaguara, se celebras el s\u00e1bado d\u00eda  4 de octubre de 2025 con motivo de la festividad de la Virgen del Pilar patrona de la Guardia Civil, est\u00e1 organizada por la Asociaci\u00f3n Deportiva Alfam\u00e9rita y el Excmo. Ayuntamiento de Alfacar y cuenta con el apoyo institucional de la Comandancia de la Guardia Civil de Granada.&nbsp;<\/p>\n\n\n\n<p>Como en ediciones anteriores contamos con tres modalidades de carrera y un itinerario de senderismo, la modalidad de carrera MARAT\u00d3N 42 Kms.  estar\u00e1 con nosotros por cuarto a\u00f1o consecutivo. Un magnifico recorrido que con sus m\u00e1s de 2050 mts. positivos, discurre por senderos que nos descubren el coraz\u00f3n del Parque Natural Sierra de Hu\u00e9tor  siendo todo un reto para los m\u00e1s m\u00e1s osados y experimentados corredores.<\/p>\n\n\n\n<p>Tambi\u00e9n contamos con nuestra famosa carrera TRAIL 25 Kms,  con sus 1150 mts. de desnivel positivo acumulado es una modalidad m\u00e1s asequible que su hermana mayor pero mantiene un respetable grado de dificultad. Igualmente podemos disfrutar de los ya conocidos OPEN 12 Kms. y Senderismo ambas comparten recorrido de 12 kil\u00f3metros con una belleza natural espectacularmente incomparable. <\/p>\n\n\n\n<p>Un a\u00f1o m\u00e1s, sin perder la ilusi\u00f3n del primer d\u00eda, tenemos m\u00e1s ganas que nunca de realizar un evento de calidad, por y para todos, de superar el alto list\u00f3n establecido en ediciones pasadas, de disfrutar y hacer que todos disfrutemos de nuestro deporte favorito, recorriendo los senderos y caminos de nuestra Sierra de la Alfaguara en Alfacar-Granada de una forma responsable y marc\u00e1ndonos un gran reto de superaci\u00f3n personal.<\/p>\n\n\n\n<p>Este evento nace con una finalidad solidaria y como tal su objeto principal es la ayuda a asociaciones sin \u00e1nimo de lucro, ONG&#8217;s de ayuda a los desfavorecidos, as\u00ed como proyectos de investigaci\u00f3n relacionados con la salud,  por lo que lo recaudado por las aportaciones se destinar\u00e1 al trabajo de investigaci\u00f3n que realiza la <strong><a href=\"https:\/\/catedracmc.ugr.es\/\" target=\"_blank\" rel=\"noreferrer noopener\">C\u00e1tedra de investigaci\u00f3n de C\u00e9lulas Madre Cancer\u00edgenas de la Universidad de Granada. <\/a><\/strong><\/p>\n\n\n<div class=\"wp-block-image\">\n<figure class=\"aligncenter size-large is-resized\"><img  title=\"\" decoding=\"async\" loading=\"lazy\" src=\"https:\/\/benemeritatrail.es\/wp-content\/uploads\/2025\/09\/Benemerita-Trail_Cartel-2025--724x1024.png\"  alt=\"Benemerita-Trail_Cartel-2025--724x1024 BENEMERITA TRAIL 2025\"  class=\"wp-image-4351\" width=\"759\" height=\"1074\" srcset=\"https:\/\/benemeritatrail.es\/wp-content\/uploads\/2025\/09\/Benemerita-Trail_Cartel-2025--724x1024.png 724w, https:\/\/benemeritatrail.es\/wp-content\/uploads\/2025\/09\/Benemerita-Trail_Cartel-2025--212x300.png 212w, https:\/\/benemeritatrail.es\/wp-content\/uploads\/2025\/09\/Benemerita-Trail_Cartel-2025--768x1086.png 768w, https:\/\/benemeritatrail.es\/wp-content\/uploads\/2025\/09\/Benemerita-Trail_Cartel-2025--1086x1536.png 1086w, https:\/\/benemeritatrail.es\/wp-content\/uploads\/2025\/09\/Benemerita-Trail_Cartel-2025--1448x2048.png 1448w\" sizes=\"(max-width: 759px) 100vw, 759px\" \/><\/figure><\/div>","protected":false},"excerpt":{"rendered":"<p>Sierra de la Alfaguara, Alfacar &#8211; Granada. Benem\u00e9rita Trail &#8211; Sierra de la Alfaguara, se celebras el s\u00e1bado d\u00eda 4 de octubre de 2025 con motivo de la festividad de la Virgen del Pilar patrona de la Guardia Civil, est\u00e1 organizada por la Asociaci\u00f3n Deportiva Alfam\u00e9rita y el Excmo. Ayuntamiento de Alfacar y cuenta con<\/p><\/div>\n<div class=\"blog-btn\"><a href=\"https:\/\/benemeritatrail.es\/novedades\/\" class=\"home-blog-btn\">Leer m\u00e1s<\/a><\/p>\n","protected":false},"author":2,"featured_media":0,"parent":0,"menu_order":0,"comment_status":"open","ping_status":"open","template":"","meta":{"_eb_attr":"","sfsi_plus_gutenberg_text_before_share":"","sfsi_plus_gutenberg_show_text_before_share":"","sfsi_plus_gutenberg_icon_type":"","sfsi_plus_gutenberg_icon_alignemt":"","sfsi_plus_gutenburg_max_per_row":""},"_links":{"self":[{"href":"https:\/\/benemeritatrail.es\/novedades\/wp-json\/wp\/v2\/pages\/1636"}],"collection":[{"href":"https:\/\/benemeritatrail.es\/novedades\/wp-json\/wp\/v2\/pages"}],"about":[{"href":"https:\/\/benemeritatrail.es\/novedades\/wp-json\/wp\/v2\/types\/page"}],"author":[{"embeddable":true,"href":"https:\/\/benemeritatrail.es\/novedades\/wp-json\/wp\/v2\/users\/2"}],"replies":[{"embeddable":true,"href":"https:\/\/benemeritatrail.es\/novedades\/wp-json\/wp\/v2\/comments?post=1636"}],"version-history":[{"count":109,"href":"https:\/\/benemeritatrail.es\/novedades\/wp-json\/wp\/v2\/pages\/1636\/revisions"}],"predecessor-version":[{"id":4400,"href":"https:\/\/benemeritatrail.es\/novedades\/wp-json\/wp\/v2\/pages\/1636\/revisions\/4400"}],"wp:attachment":[{"href":"https:\/\/benemeritatrail.es\/novedades\/wp-json\/wp\/v2\/media?parent=1636"}],"curies":[{"name":"wp","href":"https:\/\/api.w.org\/{rel}","templated":true}]}}