{"id":123,"date":"2016-05-11T19:26:15","date_gmt":"2016-05-11T19:26:15","guid":{"rendered":"https:\/\/benemeritatrail.wordpress.com\/?page_id=123"},"modified":"2025-07-14T12:18:23","modified_gmt":"2025-07-14T12:18:23","slug":"inscripciones","status":"publish","type":"page","link":"https:\/\/benemeritatrail.es\/novedades\/inscripciones\/","title":{"rendered":"Inscripciones"},"content":{"rendered":"\n<h1 class=\"has-text-align-center\"><mark style=\"background-color:#102d04;color:#b7e12f\" class=\"has-inline-color\"> PLAZO DE INSCRIPCI\u00d3N CERRADO <\/mark><\/h1>\n\n\n\n<p><\/p>\n\n\n\n<div class=\"is-layout-flex wp-block-buttons\">\n<div class=\"wp-block-button aligncenter\"><a class=\"wp-block-button__link wp-element-button\" href=\"https:\/\/benemeritatrail.cruzandolameta.es\/buscar\" target=\"_blank\" rel=\"noreferrer noopener\"><strong>COMPROBAR INSCRIPCI\u00d3N<\/strong><\/a><\/div>\n<\/div>\n\n\n\n<p>Enhorabuena si has conseguido inscribirte a la X\u00aa Edici\u00f3n de BT2025 y has realizado el correspondiente pago puedes comprobar definitivamente tu inscripci\u00f3n total, pincha en el enlace de arriba \u00abComprobar inscripci\u00f3n\u00bb, para ello necesitar\u00e1s el n\u00famero de tu DNI y correo. <\/p>\n\n\n\n<p>En estos momentos todas las plazas est\u00e1n agotadas y no se prev\u00e9 que haya incremento de plazas alguno.<\/p>\n\n\n\n<h2 class=\"has-text-align-center\"><\/h2>\n\n\n\n<hr class=\"wp-block-separator has-alpha-channel-opacity\"\/>\n\n\n\n<h3 class=\"has-text-align-center\">\u00bf Qu\u00e9 obtienes con tu inscripci\u00f3n?<\/h3>\n\n\n\n<h4 class=\"has-text-align-center\">X\u00aa Edici\u00f3n BT2025<\/h4>\n\n\n\n<h4>Participaci\u00f3n modalidad elegida + Bolsa del Corredor + Seguro de Accidentes Individual<\/h4>\n\n\n\n<p><\/p>\n\n\n\n<h4 class=\"has-text-align-center\">Modalidades de carrera.<\/h4>\n\n\n\n<h3 class=\"has-black-color has-text-color\">MARAT\u00d3N 42K.     Precio: 46 \u20ac<\/h3>\n\n\n\n<p>La modalidad MARAT\u00d3N 42K es la prueba reina de esta carrera y est\u00e1 destinada a corredores expertos, consiste en realizar el recorrido oficial de la prueba, con 42,3 kil\u00f3metros de distancia y un desnivel positivo acumulado de 2072 metros, todo un reto de superaci\u00f3n personal. <\/p>\n\n\n\n<ul>\n<li>Asistencia y avituallamientos de carrera<\/li>\n\n\n\n<li>Desayuno<\/li>\n\n\n\n<li>Comida post carrera.<\/li>\n\n\n\n<li>Bolsa del corredor<\/li>\n\n\n\n<li>Todos los corredores que participen en la prueba recibir\u00e1n Prenda finisher. Chaqueta exclusiva de la marca Adidas TERREX  con dise\u00f1o y colores de la prueba.<\/li>\n<\/ul>\n\n\n\n<p><\/p>\n\n\n\n<h3 class=\"has-text-color\" style=\"color:#ff000d\">TRAIL 25K.     Precio: 39 \u20ac<\/h3>\n\n\n\n<p>La modalidad TRAIL 25K consiste en realizar el recorrido oficial de la prueba, con 25 kil\u00f3metros de distancia y un desnivel positivo acumulado de 1150 metros, todo un reto de superaci\u00f3n personal.<\/p>\n\n\n\n<ul>\n<li>Asistencia y avituallamientos de carrera<\/li>\n\n\n\n<li>Desayuno<\/li>\n\n\n\n<li>Comida post carrera.<\/li>\n\n\n\n<li>Bolsa del corredor<\/li>\n\n\n\n<li>Todos los corredores que participen en la prueba recibir\u00e1n Prenda finisher. Chaqueta exclusiva de la marca Adidas TERREX  con dise\u00f1o y colores de la prueba.<\/li>\n<\/ul>\n\n\n\n<p><\/p>\n\n\n\n<h3 class=\"has-luminous-vivid-amber-color has-text-color\">OPEN 12K.     Precio: 29 \u20ac. <\/h3>\n\n\n\n<p>La modalidad OPEN 12K consiste en realizar el recorrido oficial de la prueba en su modalidad corta, con 12 kil\u00f3metros de distancia y un desnivel positivo acumulado de 650 metros, un recorrido menos exigente que su hermana mayor pero no menos espectacular y bonito.  <\/p>\n\n\n\n<ul>\n<li>Asistencia y avituallamientos de carrera<\/li>\n\n\n\n<li>Desayuno<\/li>\n\n\n\n<li>Comida post carrera.<\/li>\n\n\n\n<li>Bolsa del corredor<\/li>\n\n\n\n<li>Todos los corredores que participen en la prueba recibir\u00e1n Prenda finisher. Camiseta t\u00e9cnica manga corta exclusiva de la marca Adidas TERREX con dise\u00f1o y colores de la prueba.<\/li>\n<\/ul>\n\n\n\n<p><\/p>\n\n\n\n<h3 class=\"has-vivid-green-cyan-color has-text-color\"> SENDERO 12K.     Precio: 26 \u20ac. <\/h3>\n\n\n\n<ul>\n<li>Asistencia y avituallamientos de recorrido<\/li>\n\n\n\n<li>Desayuno<\/li>\n\n\n\n<li>Comida post carrera.<\/li>\n\n\n\n<li>Bolsa del corredor<\/li>\n\n\n\n<li>Todos los corredores que finalicen la prueba recibir\u00e1n Prenda finisher. Camiseta t\u00e9cnica manga corta exclusiva de la marca Adidas TERREX con dise\u00f1o y colores de la prueba.<\/li>\n<\/ul>\n\n\n\n<hr class=\"wp-block-separator has-css-opacity\"\/>\n\n\n\n<h2 class=\"has-text-align-center has-luminous-vivid-orange-color has-text-color\">Bolsa del Corredor<\/h2>\n\n\n\n<ul>\n<li>Camiseta conmemorativa de la Prueba.<\/li>\n\n\n\n<li>Tikets Comida y bebida.<\/li>\n\n\n\n<li>Dorsal de participaci\u00f3n con chip para cronometraje (en su caso)<\/li>\n\n\n\n<li>Productos degustaci\u00f3n de la zona.<\/li>\n\n\n\n<li>Regalos merchandising.<\/li>\n<\/ul>\n\n\n\n<h2 class=\"has-text-align-center has-text-color\" style=\"color:#ff0000\">IMPORTANTE:<\/h2>\n\n\n\n<h4 class=\"has-text-align-center has-text-color\" style=\"color:#ff0000\"> NO SE ADMINTEN DEVOLUCIONES NI CAMBIOS DE PRENDAS A PARTIR DEL 20 DE JUNIO DE 2025.<\/h4>\n\n\n\n<h4 class=\"has-text-align-center has-vivid-red-color has-text-color\"><mark style=\"background-color:rgba(0, 0, 0, 0)\" class=\"has-inline-color has-vivid-cyan-blue-color\">COMPRUEBA LA TALLA y G\u00c9NERO DE TU PRENDA ANTES DE REALIZAR LA INSCRIPCI\u00d3N.<\/mark><\/h4>\n\n\n\n<p><\/p>\n","protected":false},"excerpt":{"rendered":"<p>PLAZO DE INSCRIPCI\u00d3N CERRADO Enhorabuena si has conseguido inscribirte a la X\u00aa Edici\u00f3n de BT2025 y has realizado el correspondiente pago puedes comprobar definitivamente tu inscripci\u00f3n total, pincha en el enlace de arriba \u00abComprobar inscripci\u00f3n\u00bb, para ello necesitar\u00e1s el n\u00famero de tu DNI y correo. En estos momentos todas las plazas est\u00e1n agotadas y no<\/p><\/div>\n<div class=\"blog-btn\"><a href=\"https:\/\/benemeritatrail.es\/novedades\/inscripciones\/\" class=\"home-blog-btn\">Leer m\u00e1s<\/a><\/p>\n","protected":false},"author":2,"featured_media":0,"parent":0,"menu_order":0,"comment_status":"closed","ping_status":"closed","template":"","meta":{"_eb_attr":"","sfsi_plus_gutenberg_text_before_share":"","sfsi_plus_gutenberg_show_text_before_share":"","sfsi_plus_gutenberg_icon_type":"","sfsi_plus_gutenberg_icon_alignemt":"","sfsi_plus_gutenburg_max_per_row":""},"_links":{"self":[{"href":"https:\/\/benemeritatrail.es\/novedades\/wp-json\/wp\/v2\/pages\/123"}],"collection":[{"href":"https:\/\/benemeritatrail.es\/novedades\/wp-json\/wp\/v2\/pages"}],"about":[{"href":"https:\/\/benemeritatrail.es\/novedades\/wp-json\/wp\/v2\/types\/page"}],"author":[{"embeddable":true,"href":"https:\/\/benemeritatrail.es\/novedades\/wp-json\/wp\/v2\/users\/2"}],"replies":[{"embeddable":true,"href":"https:\/\/benemeritatrail.es\/novedades\/wp-json\/wp\/v2\/comments?post=123"}],"version-history":[{"count":97,"href":"https:\/\/benemeritatrail.es\/novedades\/wp-json\/wp\/v2\/pages\/123\/revisions"}],"predecessor-version":[{"id":4316,"href":"https:\/\/benemeritatrail.es\/novedades\/wp-json\/wp\/v2\/pages\/123\/revisions\/4316"}],"wp:attachment":[{"href":"https:\/\/benemeritatrail.es\/novedades\/wp-json\/wp\/v2\/media?parent=123"}],"curies":[{"name":"wp","href":"https:\/\/api.w.org\/{rel}","templated":true}]}}