{"id":103,"date":"2016-05-11T18:20:03","date_gmt":"2016-05-11T18:20:03","guid":{"rendered":"https:\/\/benemeritatrail.wordpress.com\/?page_id=103"},"modified":"2025-09-18T12:09:13","modified_gmt":"2025-09-18T12:09:13","slug":"normativa","status":"publish","type":"page","link":"https:\/\/benemeritatrail.es\/novedades\/normativa\/","title":{"rendered":"Normativa"},"content":{"rendered":"\n<h3>Descarga la Normativa.<\/h3>\n\n\n\n<p>Pincha en el enlace de m\u00e1s abajo para descargar la normativa referente a la edici\u00f3n de este a\u00f1o. Es importante leer este documento y quedar enterado del mismo. Cuando realizamos la inscripci\u00f3n debemos haber le\u00eddo y estar de acuerdo con la totalidad del contenido del mismo.&nbsp;<\/p>\n\n\n\n<h4 class=\"has-text-align-center\"><span style=\"color: #008000;\">REGLAMENTO DE LA CARRERA<\/span><\/h4>\n\n\n<div class=\"wp-block-image\">\n<figure class=\"aligncenter size-large is-resized\"><a href=\"https:\/\/benemeritatrail.es\/wp-content\/uploads\/2025\/05\/Reglamento-de-Carrera-BT2025.pdf\" target=\"_blank\" rel=\"noopener\"><img  title=\"\" decoding=\"async\" loading=\"lazy\" src=\"http:\/\/benemeritatrail.es\/wp-content\/uploads\/2020\/08\/icono.jpg\"  alt=\"icono Normativa\"  class=\"wp-image-2855\" width=\"180\" height=\"180\"\/><\/a><figcaption class=\"wp-element-caption\"><a rel=\"noreferrer noopener\" href=\"https:\/\/benemeritatrail.es\/wp-content\/uploads\/2025\/05\/Reglamento-de-Carrera-BT2025.pdf\" target=\"_blank\">Reglamento BT202<\/a><a href=\"https:\/\/benemeritatrail.es\/wp-content\/uploads\/2025\/05\/Reglamento-de-Carrera-BT2025.pdf\" target=\"_blank\" rel=\"noreferrer noopener\">5<\/a><\/figcaption><\/figure><\/div>\n\n<div class=\"wp-block-image\">\n<figure class=\"aligncenter size-full\"><a href=\"https:\/\/benemeritatrail.es\/wp-content\/uploads\/2025\/09\/Consentimiento-menores.pdf\" target=\"_blank\" rel=\"noreferrer noopener\"><img  title=\"\" decoding=\"async\" loading=\"lazy\" width=\"146\" height=\"146\" src=\"http:\/\/benemeritatrail.es\/wp-content\/uploads\/2020\/08\/icono.jpg\"  alt=\"icono Normativa\"  class=\"wp-image-2855\"\/><\/a><figcaption class=\"wp-element-caption\"><a href=\"https:\/\/benemeritatrail.es\/wp-content\/uploads\/2024\/05\/Autorizacion-consentimiento-menores.pdf\" data-type=\"URL\" data-id=\"http:\/\/benemeritatrail.es\/wp-content\/uploads\/2022\/07\/Autorizacion-de-consentimiento-menores.pdf\" target=\"_blank\" rel=\"noreferrer noopener\">Autorizaci\u00f3n Participaci\u00f3n a Menores<\/a><\/figcaption><\/figure><\/div>\n\n<div class=\"wp-block-image\">\n<figure class=\"aligncenter size-full\"><a href=\"https:\/\/benemeritatrail.es\/wp-content\/uploads\/2025\/09\/Autorizacion-Recogida-Dorsal-BT25.pdf\" target=\"_blank\" rel=\"noopener\"><img  title=\"\" decoding=\"async\" loading=\"lazy\" width=\"146\" height=\"146\" src=\"http:\/\/benemeritatrail.es\/wp-content\/uploads\/2020\/08\/icono.jpg\"  alt=\"icono Normativa\"  class=\"wp-image-2855\"\/><\/a><figcaption class=\"wp-element-caption\"><a href=\"https:\/\/benemeritatrail.es\/wp-content\/uploads\/2025\/09\/Autorizacion-Recogida-Dorsal-BT25.pdf\" target=\"_blank\" rel=\"noreferrer noopener\">Autorizaci\u00f3n Recogida de Dorsal<\/a><\/figcaption><\/figure><\/div>\n\n\n<div class=\"is-content-justification-center is-layout-flex wp-container-1 wp-block-buttons\">\n<div class=\"wp-block-button\"><a class=\"wp-block-button__link wp-element-button\" href=\"www.benemeritatrail.es\">Inicio<\/a><\/div>\n<\/div>\n\n\n\n<p><\/p>\n\n\n\n<figure class=\"wp-block-image\"><img  title=\"\" decoding=\"async\" loading=\"lazy\" width=\"1024\" height=\"682\" src=\"http:\/\/benemeritatrail.es\/wp-content\/uploads\/2019\/10\/Entrega-de-Dorsales-1024x682.jpg\"  alt=\"Entrega-de-Dorsales-1024x682 Normativa\"  class=\"wp-image-2709\" srcset=\"https:\/\/benemeritatrail.es\/wp-content\/uploads\/2019\/10\/Entrega-de-Dorsales-1024x682.jpg 1024w, https:\/\/benemeritatrail.es\/wp-content\/uploads\/2019\/10\/Entrega-de-Dorsales-300x200.jpg 300w, https:\/\/benemeritatrail.es\/wp-content\/uploads\/2019\/10\/Entrega-de-Dorsales-768x512.jpg 768w, https:\/\/benemeritatrail.es\/wp-content\/uploads\/2019\/10\/Entrega-de-Dorsales.jpg 1964w\" sizes=\"(max-width: 1024px) 100vw, 1024px\" \/><figcaption class=\"wp-element-caption\">Entrega de Dorsales ediciones anteriores.<\/figcaption><\/figure>\n\n\n\n<p><\/p>\n","protected":false},"excerpt":{"rendered":"<p>Descarga la Normativa. Pincha en el enlace de m\u00e1s abajo para descargar la normativa referente a la edici\u00f3n de este a\u00f1o. Es importante leer este documento y quedar enterado del mismo. Cuando realizamos la inscripci\u00f3n debemos haber le\u00eddo y estar de acuerdo con la totalidad del contenido del mismo.&nbsp; REGLAMENTO DE LA CARRERA<\/p>\n","protected":false},"author":2,"featured_media":0,"parent":0,"menu_order":0,"comment_status":"closed","ping_status":"open","template":"","meta":{"_eb_attr":"","sfsi_plus_gutenberg_text_before_share":"","sfsi_plus_gutenberg_show_text_before_share":"","sfsi_plus_gutenberg_icon_type":"","sfsi_plus_gutenberg_icon_alignemt":"","sfsi_plus_gutenburg_max_per_row":""},"_links":{"self":[{"href":"https:\/\/benemeritatrail.es\/novedades\/wp-json\/wp\/v2\/pages\/103"}],"collection":[{"href":"https:\/\/benemeritatrail.es\/novedades\/wp-json\/wp\/v2\/pages"}],"about":[{"href":"https:\/\/benemeritatrail.es\/novedades\/wp-json\/wp\/v2\/types\/page"}],"author":[{"embeddable":true,"href":"https:\/\/benemeritatrail.es\/novedades\/wp-json\/wp\/v2\/users\/2"}],"replies":[{"embeddable":true,"href":"https:\/\/benemeritatrail.es\/novedades\/wp-json\/wp\/v2\/comments?post=103"}],"version-history":[{"count":78,"href":"https:\/\/benemeritatrail.es\/novedades\/wp-json\/wp\/v2\/pages\/103\/revisions"}],"predecessor-version":[{"id":4340,"href":"https:\/\/benemeritatrail.es\/novedades\/wp-json\/wp\/v2\/pages\/103\/revisions\/4340"}],"wp:attachment":[{"href":"https:\/\/benemeritatrail.es\/novedades\/wp-json\/wp\/v2\/media?parent=103"}],"curies":[{"name":"wp","href":"https:\/\/api.w.org\/{rel}","templated":true}]}}